{"id":6403,"date":"2022-05-08T08:24:10","date_gmt":"2022-05-08T08:24:10","guid":{"rendered":"https:\/\/lumiereartgallery.com\/gallery\/"},"modified":"2023-03-24T12:33:38","modified_gmt":"2023-03-24T12:33:38","slug":"gallery","status":"publish","type":"page","link":"https:\/\/lumiereartgallery.com\/fr\/gallery\/","title":{"rendered":"Galerie"},"content":{"rendered":"\t\t<div data-elementor-type=\"wp-post\" data-elementor-id=\"6403\" class=\"elementor elementor-6403 elementor-425\">\n\t\t\t\t\t\t<section class=\"elementor-section elementor-top-section elementor-element elementor-element-54bf4fe elementor-section-full_width elementor-section-height-default elementor-section-height-default\" data-id=\"54bf4fe\" data-element_type=\"section\" data-e-type=\"section\" data-settings=\"{&quot;background_background&quot;:&quot;classic&quot;}\">\n\t\t\t\t\t\t<div class=\"elementor-container elementor-column-gap-default\">\n\t\t\t\t\t<div class=\"elementor-column elementor-col-100 elementor-top-column elementor-element elementor-element-c566220\" data-id=\"c566220\" data-element_type=\"column\" data-e-type=\"column\">\n\t\t\t<div class=\"elementor-widget-wrap elementor-element-populated\">\n\t\t\t\t\t\t<div class=\"elementor-element elementor-element-1e0d5f1 elementor-widget elementor-widget-ova_heading_page\" data-id=\"1e0d5f1\" data-element_type=\"widget\" data-e-type=\"widget\" id=\"hero\" data-widget_type=\"ova_heading_page.default\">\n\t\t\t\t<div class=\"elementor-widget-container\">\n\t\t\t\t\t\r\n\t\t<section class=\"heading-page\" style=\"background-image: url(https:\/\/lumiereartgallery.com\/wp-content\/uploads\/2022\/05\/hero-gallery.jpg)\" >\r\n\t\t\t<div class=\"container\">\r\n\t\t\t\t<div class=\"cta-content\">\r\n\t\t\t\t\t\t\t\t\t\t\t<h2 class=\"second_font\">Galerie<\/h2>\r\n\t\t\t\t\t\t\t\t\t\t\r\n\t\t\t\t<\/div>\r\n\t\t\t<\/div>\r\n\t\t<\/section>\r\n\r\n\t\t\t\t\t<\/div>\n\t\t\t\t<\/div>\n\t\t\t\t\t<\/div>\n\t\t<\/div>\n\t\t\t\t\t<\/div>\n\t\t<\/section>\n\t\t\t\t<section class=\"elementor-section elementor-top-section elementor-element elementor-element-c84f15d elementor-section-boxed elementor-section-height-default elementor-section-height-default\" data-id=\"c84f15d\" data-element_type=\"section\" data-e-type=\"section\">\n\t\t\t\t\t\t<div class=\"elementor-container elementor-column-gap-default\">\n\t\t\t\t\t<div class=\"elementor-column elementor-col-100 elementor-top-column elementor-element elementor-element-b39b5dd\" data-id=\"b39b5dd\" data-element_type=\"column\" data-e-type=\"column\">\n\t\t\t<div class=\"elementor-widget-wrap elementor-element-populated\">\n\t\t\t\t\t\t<div class=\"elementor-element elementor-element-11ce12d elementor-widget elementor-widget-ova_heading\" data-id=\"11ce12d\" data-element_type=\"widget\" data-e-type=\"widget\" data-widget_type=\"ova_heading.default\">\n\t\t\t\t<div class=\"elementor-widget-container\">\n\t\t\t\t\t\t\t<div class=\"ova_heading\">\r\n\t\t\t\t\t\t\t<h1 class=\"heading_title second_font\">Location de la galerie d\u2019art<\/h1>\r\n\t\t\t\t\t\t\t\t\t\t<h2 class=\"sub_title second_font\">La galerie d\u2019Art Lumi\u00e8re vous propose de louer cet espace pour des expositions d\u2019art, s\u00e9ance de d\u00e9dicace de livres, collectes de fonds, pr\u00e9sentations et networking.<\/h2>\r\n\t\t\t\t\t<\/div>\r\n\t\t\t\t\t\t<\/div>\n\t\t\t\t<\/div>\n\t\t\t\t\t<\/div>\n\t\t<\/div>\n\t\t\t\t\t<\/div>\n\t\t<\/section>\n\t\t\t\t<section class=\"elementor-section elementor-top-section elementor-element elementor-element-b4f7662 elementor-section-boxed elementor-section-height-default elementor-section-height-default\" data-id=\"b4f7662\" data-element_type=\"section\" data-e-type=\"section\">\n\t\t\t\t\t\t<div class=\"elementor-container elementor-column-gap-default\">\n\t\t\t\t\t<div class=\"elementor-column elementor-col-100 elementor-top-column elementor-element elementor-element-6e1b556\" data-id=\"6e1b556\" data-element_type=\"column\" data-e-type=\"column\">\n\t\t\t<div class=\"elementor-widget-wrap elementor-element-populated\">\n\t\t\t\t\t\t<div class=\"elementor-element elementor-element-128b756 elementor-arrows-position-inside elementor-pagination-position-outside elementor-widget elementor-widget-image-carousel\" data-id=\"128b756\" data-element_type=\"widget\" data-e-type=\"widget\" data-settings=\"{&quot;slides_to_show&quot;:&quot;3&quot;,&quot;slides_to_scroll&quot;:&quot;2&quot;,&quot;image_spacing_custom&quot;:{&quot;unit&quot;:&quot;px&quot;,&quot;size&quot;:10,&quot;sizes&quot;:[]},&quot;navigation&quot;:&quot;both&quot;,&quot;autoplay&quot;:&quot;yes&quot;,&quot;pause_on_hover&quot;:&quot;yes&quot;,&quot;pause_on_interaction&quot;:&quot;yes&quot;,&quot;autoplay_speed&quot;:5000,&quot;infinite&quot;:&quot;yes&quot;,&quot;speed&quot;:500,&quot;image_spacing_custom_tablet&quot;:{&quot;unit&quot;:&quot;px&quot;,&quot;size&quot;:&quot;&quot;,&quot;sizes&quot;:[]},&quot;image_spacing_custom_mobile&quot;:{&quot;unit&quot;:&quot;px&quot;,&quot;size&quot;:&quot;&quot;,&quot;sizes&quot;:[]}}\" data-widget_type=\"image-carousel.default\">\n\t\t\t\t<div class=\"elementor-widget-container\">\n\t\t\t\t\t\t\t<div class=\"elementor-image-carousel-wrapper swiper\" role=\"region\" aria-roledescription=\"carousel\" aria-label=\"Carrousel d\u2019images\" dir=\"ltr\">\n\t\t\t<div class=\"elementor-image-carousel swiper-wrapper\" aria-live=\"off\">\n\t\t\t\t\t\t\t\t<div class=\"swiper-slide\" role=\"group\" aria-roledescription=\"slide\" aria-label=\"1 sur 8\"><a data-elementor-open-lightbox=\"yes\" data-elementor-lightbox-slideshow=\"128b756\" data-elementor-lightbox-title=\"9D3A2176-Edit\" data-e-action-hash=\"#elementor-action%3Aaction%3Dlightbox%26settings%3DeyJpZCI6NjI0NiwidXJsIjoiaHR0cHM6XC9cL2x1bWllcmVhcnRnYWxsZXJ5LmNvbVwvd3AtY29udGVudFwvdXBsb2Fkc1wvMjAyMlwvMDNcLzlEM0EyMTc2LUVkaXQuanBnIiwic2xpZGVzaG93IjoiMTI4Yjc1NiJ9\" href=\"https:\/\/lumiereartgallery.com\/wp-content\/uploads\/2022\/03\/9D3A2176-Edit.jpg\"><figure class=\"swiper-slide-inner\"><img decoding=\"async\" class=\"swiper-slide-image\" src=\"https:\/\/lumiereartgallery.com\/wp-content\/uploads\/elementor\/thumbs\/9D3A2176-Edit-ppkdllow9vyfddmxmqw8z7vhdwsfdknuyhfxd4yiko.jpg\" alt=\"9D3A2176-Edit\" \/><\/figure><\/a><\/div><div class=\"swiper-slide\" role=\"group\" aria-roledescription=\"slide\" aria-label=\"2 sur 8\"><a data-elementor-open-lightbox=\"yes\" data-elementor-lightbox-slideshow=\"128b756\" data-elementor-lightbox-title=\"9D3A2185-Edit\" data-e-action-hash=\"#elementor-action%3Aaction%3Dlightbox%26settings%3DeyJpZCI6NjI0NywidXJsIjoiaHR0cHM6XC9cL2x1bWllcmVhcnRnYWxsZXJ5LmNvbVwvd3AtY29udGVudFwvdXBsb2Fkc1wvMjAyMlwvMDNcLzlEM0EyMTg1LUVkaXQuanBnIiwic2xpZGVzaG93IjoiMTI4Yjc1NiJ9\" href=\"https:\/\/lumiereartgallery.com\/wp-content\/uploads\/2022\/03\/9D3A2185-Edit.jpg\"><figure class=\"swiper-slide-inner\"><img decoding=\"async\" class=\"swiper-slide-image\" src=\"https:\/\/lumiereartgallery.com\/wp-content\/uploads\/elementor\/thumbs\/9D3A2185-Edit-ppkdloieue2ac7iu6a44op5v62ej0nz1yvedsyuc20.jpg\" alt=\"9D3A2185-Edit\" \/><\/figure><\/a><\/div><div class=\"swiper-slide\" role=\"group\" aria-roledescription=\"slide\" aria-label=\"3 sur 8\"><a data-elementor-open-lightbox=\"yes\" data-elementor-lightbox-slideshow=\"128b756\" data-elementor-lightbox-title=\"9D3A2187-Edit\" data-e-action-hash=\"#elementor-action%3Aaction%3Dlightbox%26settings%3DeyJpZCI6NjI0OCwidXJsIjoiaHR0cHM6XC9cL2x1bWllcmVhcnRnYWxsZXJ5LmNvbVwvd3AtY29udGVudFwvdXBsb2Fkc1wvMjAyMlwvMDNcLzlEM0EyMTg3LUVkaXQuanBnIiwic2xpZGVzaG93IjoiMTI4Yjc1NiJ9\" href=\"https:\/\/lumiereartgallery.com\/wp-content\/uploads\/2022\/03\/9D3A2187-Edit.jpg\"><figure class=\"swiper-slide-inner\"><img decoding=\"async\" class=\"swiper-slide-image\" src=\"https:\/\/lumiereartgallery.com\/wp-content\/uploads\/elementor\/thumbs\/9D3A2187-Edit-ppkdls9rlq7fmnddkbqmyo7pjlvzvgdzbe0bq2ord4.jpg\" alt=\"9D3A2187-Edit\" \/><\/figure><\/a><\/div><div class=\"swiper-slide\" role=\"group\" aria-roledescription=\"slide\" aria-label=\"4 sur 8\"><a data-elementor-open-lightbox=\"yes\" data-elementor-lightbox-slideshow=\"128b756\" data-elementor-lightbox-title=\"9D3A2189-Edit\" data-e-action-hash=\"#elementor-action%3Aaction%3Dlightbox%26settings%3DeyJpZCI6NjI0OSwidXJsIjoiaHR0cHM6XC9cL2x1bWllcmVhcnRnYWxsZXJ5LmNvbVwvd3AtY29udGVudFwvdXBsb2Fkc1wvMjAyMlwvMDNcLzlEM0EyMTg5LUVkaXQuanBnIiwic2xpZGVzaG93IjoiMTI4Yjc1NiJ9\" href=\"https:\/\/lumiereartgallery.com\/wp-content\/uploads\/2022\/03\/9D3A2189-Edit.jpg\"><figure class=\"swiper-slide-inner\"><img decoding=\"async\" class=\"swiper-slide-image\" src=\"https:\/\/lumiereartgallery.com\/wp-content\/uploads\/elementor\/thumbs\/9D3A2189-Edit-ppkdlu5fzea09van9cjw3nqmqdmqaulfznbaomlz0o.jpg\" alt=\"9D3A2189-Edit\" \/><\/figure><\/a><\/div><div class=\"swiper-slide\" role=\"group\" aria-roledescription=\"slide\" aria-label=\"5 sur 8\"><a data-elementor-open-lightbox=\"yes\" data-elementor-lightbox-slideshow=\"128b756\" data-elementor-lightbox-title=\"9D3A2199-Edit\" data-e-action-hash=\"#elementor-action%3Aaction%3Dlightbox%26settings%3DeyJpZCI6NjI1MCwidXJsIjoiaHR0cHM6XC9cL2x1bWllcmVhcnRnYWxsZXJ5LmNvbVwvd3AtY29udGVudFwvdXBsb2Fkc1wvMjAyMlwvMDNcLzlEM0EyMTk5LUVkaXQuanBnIiwic2xpZGVzaG93IjoiMTI4Yjc1NiJ9\" href=\"https:\/\/lumiereartgallery.com\/wp-content\/uploads\/2022\/03\/9D3A2199-Edit.jpg\"><figure class=\"swiper-slide-inner\"><img decoding=\"async\" class=\"swiper-slide-image\" src=\"https:\/\/lumiereartgallery.com\/wp-content\/uploads\/elementor\/thumbs\/9D3A2199-Edit-ppkdlwyyjwdv8p6jsvrrt510ij8txxwn019r4ghsi0.jpg\" alt=\"9D3A2199-Edit\" \/><\/figure><\/a><\/div><div class=\"swiper-slide\" role=\"group\" aria-roledescription=\"slide\" aria-label=\"6 sur 8\"><a data-elementor-open-lightbox=\"yes\" data-elementor-lightbox-slideshow=\"128b756\" data-elementor-lightbox-title=\"9D3A2203\" data-e-action-hash=\"#elementor-action%3Aaction%3Dlightbox%26settings%3DeyJpZCI6NjI1MSwidXJsIjoiaHR0cHM6XC9cL2x1bWllcmVhcnRnYWxsZXJ5LmNvbVwvd3AtY29udGVudFwvdXBsb2Fkc1wvMjAyMlwvMDNcLzlEM0EyMjAzLmpwZyIsInNsaWRlc2hvdyI6IjEyOGI3NTYifQ%3D%3D\" href=\"https:\/\/lumiereartgallery.com\/wp-content\/uploads\/2022\/03\/9D3A2203.jpg\"><figure class=\"swiper-slide-inner\"><img decoding=\"async\" class=\"swiper-slide-image\" src=\"https:\/\/lumiereartgallery.com\/wp-content\/uploads\/elementor\/thumbs\/9D3A2203-ppkdlzsh4ehq7j2gceznimbeaouxl17u0f87kadlzc.jpg\" alt=\"9D3A2203\" \/><\/figure><\/a><\/div><div class=\"swiper-slide\" role=\"group\" aria-roledescription=\"slide\" aria-label=\"7 sur 8\"><a data-elementor-open-lightbox=\"yes\" data-elementor-lightbox-slideshow=\"128b756\" data-elementor-lightbox-title=\"9D3A2230-Edit\" data-e-action-hash=\"#elementor-action%3Aaction%3Dlightbox%26settings%3DeyJpZCI6NjI1MiwidXJsIjoiaHR0cHM6XC9cL2x1bWllcmVhcnRnYWxsZXJ5LmNvbVwvd3AtY29udGVudFwvdXBsb2Fkc1wvMjAyMlwvMDNcLzlEM0EyMjMwLUVkaXQuanBnIiwic2xpZGVzaG93IjoiMTI4Yjc1NiJ9\" href=\"https:\/\/lumiereartgallery.com\/wp-content\/uploads\/2022\/03\/9D3A2230-Edit.jpg\"><figure class=\"swiper-slide-inner\"><img decoding=\"async\" class=\"swiper-slide-image\" src=\"https:\/\/lumiereartgallery.com\/wp-content\/uploads\/elementor\/thumbs\/9D3A2230-Edit-ppkdm1o5i2kauqzq1fswnlubhglo0ffaooj6iuatmw.jpg\" alt=\"9D3A2230-Edit\" \/><\/figure><\/a><\/div><div class=\"swiper-slide\" role=\"group\" aria-roledescription=\"slide\" aria-label=\"8 sur 8\"><a data-elementor-open-lightbox=\"yes\" data-elementor-lightbox-slideshow=\"128b756\" data-elementor-lightbox-title=\"9D3A2210-Edit\" data-e-action-hash=\"#elementor-action%3Aaction%3Dlightbox%26settings%3DeyJpZCI6NjI1MywidXJsIjoiaHR0cHM6XC9cL2x1bWllcmVhcnRnYWxsZXJ5LmNvbVwvd3AtY29udGVudFwvdXBsb2Fkc1wvMjAyMlwvMDNcLzlEM0EyMjEwLUVkaXQuanBnIiwic2xpZGVzaG93IjoiMTI4Yjc1NiJ9\" href=\"https:\/\/lumiereartgallery.com\/wp-content\/uploads\/2022\/03\/9D3A2210-Edit.jpg\"><figure class=\"swiper-slide-inner\"><img decoding=\"async\" class=\"swiper-slide-image\" src=\"https:\/\/lumiereartgallery.com\/wp-content\/uploads\/elementor\/thumbs\/9D3A2210-Edit-ppmckfyq5vc9twl65la4n0hj9iaxx07cjrtsx6vceg.jpg\" alt=\"9D3A2210-Edit\" \/><\/figure><\/a><\/div>\t\t\t<\/div>\n\t\t\t\t\t\t\t\t\t\t\t\t<div class=\"elementor-swiper-button elementor-swiper-button-prev\" role=\"button\" tabindex=\"0\">\n\t\t\t\t\t\t<i aria-hidden=\"true\" class=\"eicon-chevron-left\"><\/i>\t\t\t\t\t<\/div>\n\t\t\t\t\t<div class=\"elementor-swiper-button elementor-swiper-button-next\" role=\"button\" tabindex=\"0\">\n\t\t\t\t\t\t<i aria-hidden=\"true\" class=\"eicon-chevron-right\"><\/i>\t\t\t\t\t<\/div>\n\t\t\t\t\n\t\t\t\t\t\t\t\t\t<div class=\"swiper-pagination\"><\/div>\n\t\t\t\t\t\t\t\t\t<\/div>\n\t\t\t\t\t\t<\/div>\n\t\t\t\t<\/div>\n\t\t\t\t\t<\/div>\n\t\t<\/div>\n\t\t\t\t\t<\/div>\n\t\t<\/section>\n\t\t\t\t<section class=\"elementor-section elementor-top-section elementor-element elementor-element-d69f46a elementor-section-boxed elementor-section-height-default elementor-section-height-default\" data-id=\"d69f46a\" data-element_type=\"section\" data-e-type=\"section\">\n\t\t\t\t\t\t<div class=\"elementor-container elementor-column-gap-default\">\n\t\t\t\t\t<div class=\"elementor-column elementor-col-50 elementor-top-column elementor-element elementor-element-e0048be\" data-id=\"e0048be\" data-element_type=\"column\" data-e-type=\"column\">\n\t\t\t<div class=\"elementor-widget-wrap elementor-element-populated\">\n\t\t\t\t\t\t<div class=\"elementor-element elementor-element-08126dd elementor-widget elementor-widget-image\" data-id=\"08126dd\" data-element_type=\"widget\" data-e-type=\"widget\" data-widget_type=\"image.default\">\n\t\t\t\t<div class=\"elementor-widget-container\">\n\t\t\t\t\t\t\t\t\t\t\t\t\t\t\t\t<a href=\"https:\/\/lumiereartgallery.com\/wp-content\/uploads\/2022\/05\/ground-floor.pdf\" target=\"_blank\">\n\t\t\t\t\t\t\t<img fetchpriority=\"high\" decoding=\"async\" width=\"266\" height=\"300\" src=\"https:\/\/lumiereartgallery.com\/wp-content\/uploads\/2022\/05\/ground-floor-266x300.jpg\" class=\"attachment-medium size-medium wp-image-6225\" alt=\"\" srcset=\"https:\/\/lumiereartgallery.com\/wp-content\/uploads\/2022\/05\/ground-floor-266x300.jpg 266w, https:\/\/lumiereartgallery.com\/wp-content\/uploads\/2022\/05\/ground-floor-600x676.jpg 600w, https:\/\/lumiereartgallery.com\/wp-content\/uploads\/2022\/05\/ground-floor.jpg 650w\" sizes=\"(max-width: 266px) 100vw, 266px\" \/>\t\t\t\t\t\t\t\t<\/a>\n\t\t\t\t\t\t\t\t\t\t\t\t\t\t\t<\/div>\n\t\t\t\t<\/div>\n\t\t\t\t\t<\/div>\n\t\t<\/div>\n\t\t\t\t<div class=\"elementor-column elementor-col-50 elementor-top-column elementor-element elementor-element-f2df04e\" data-id=\"f2df04e\" data-element_type=\"column\" data-e-type=\"column\">\n\t\t\t<div class=\"elementor-widget-wrap elementor-element-populated\">\n\t\t\t\t\t\t<div class=\"elementor-element elementor-element-894eac6 elementor-widget elementor-widget-image\" data-id=\"894eac6\" data-element_type=\"widget\" data-e-type=\"widget\" data-widget_type=\"image.default\">\n\t\t\t\t<div class=\"elementor-widget-container\">\n\t\t\t\t\t\t\t\t\t\t\t\t\t\t\t\t<a href=\"https:\/\/lumiereartgallery.com\/wp-content\/uploads\/2022\/05\/1st-floor.pdf\" target=\"_blank\">\n\t\t\t\t\t\t\t<img decoding=\"async\" width=\"266\" height=\"300\" src=\"https:\/\/lumiereartgallery.com\/wp-content\/uploads\/2022\/05\/1st-floor-266x300.jpg\" class=\"attachment-medium size-medium wp-image-6223\" alt=\"\" srcset=\"https:\/\/lumiereartgallery.com\/wp-content\/uploads\/2022\/05\/1st-floor-266x300.jpg 266w, https:\/\/lumiereartgallery.com\/wp-content\/uploads\/2022\/05\/1st-floor-600x676.jpg 600w, https:\/\/lumiereartgallery.com\/wp-content\/uploads\/2022\/05\/1st-floor.jpg 650w\" sizes=\"(max-width: 266px) 100vw, 266px\" \/>\t\t\t\t\t\t\t\t<\/a>\n\t\t\t\t\t\t\t\t\t\t\t\t\t\t\t<\/div>\n\t\t\t\t<\/div>\n\t\t\t\t\t<\/div>\n\t\t<\/div>\n\t\t\t\t\t<\/div>\n\t\t<\/section>\n\t\t\t\t<\/div>\n\t\t","protected":false},"excerpt":{"rendered":"<p>Galerie Location de la galerie d\u2019art La galerie d\u2019Art Lumi\u00e8re vous propose de louer cet espace pour des expositions d\u2019art, s\u00e9ance de d\u00e9dicace de livres, collectes de fonds, pr\u00e9sentations et networking. Previous Next<\/p>\n","protected":false},"author":1,"featured_media":0,"parent":0,"menu_order":0,"comment_status":"closed","ping_status":"closed","template":"elementor_header_footer","meta":{"footnotes":""},"class_list":["post-6403","page","type-page","status-publish","hentry"],"yoast_head":"<!-- This site is optimized with the Yoast SEO plugin v27.4 - https:\/\/yoast.com\/product\/yoast-seo-wordpress\/ -->\n<title>Galerie - Galerie d&#039;Art Lumi\u00e8re<\/title>\n<meta name=\"robots\" content=\"index, follow, max-snippet:-1, max-image-preview:large, max-video-preview:-1\" \/>\n<link rel=\"canonical\" href=\"https:\/\/lumiereartgallery.com\/fr\/gallery\/\" \/>\n<meta property=\"og:locale\" content=\"fr_FR\" \/>\n<meta property=\"og:type\" content=\"article\" \/>\n<meta property=\"og:title\" content=\"Galerie - Galerie d&#039;Art Lumi\u00e8re\" \/>\n<meta property=\"og:description\" content=\"Galerie Location de la galerie d\u2019art La galerie d\u2019Art Lumi\u00e8re vous propose de louer cet espace pour des expositions d\u2019art, s\u00e9ance de d\u00e9dicace de livres, collectes de fonds, pr\u00e9sentations et networking. Previous Next\" \/>\n<meta property=\"og:url\" content=\"https:\/\/lumiereartgallery.com\/fr\/gallery\/\" \/>\n<meta property=\"og:site_name\" content=\"Galerie d&#039;Art Lumi\u00e8re\" \/>\n<meta property=\"article:modified_time\" content=\"2023-03-24T12:33:38+00:00\" \/>\n<meta property=\"og:image\" content=\"https:\/\/lumiereartgallery.com\/wp-content\/uploads\/elementor\/thumbs\/9D3A2176-Edit-ppkdllow9vyfddmxmqw8z7vhdwsfdknuyhfxd4yiko.jpg\" \/>\n<meta name=\"twitter:card\" content=\"summary_large_image\" \/>\n<script type=\"application\/ld+json\" class=\"yoast-schema-graph\">{\"@context\":\"https:\\\/\\\/schema.org\",\"@graph\":[{\"@type\":\"WebPage\",\"@id\":\"https:\\\/\\\/lumiereartgallery.com\\\/fr\\\/gallery\\\/\",\"url\":\"https:\\\/\\\/lumiereartgallery.com\\\/fr\\\/gallery\\\/\",\"name\":\"Galerie - Galerie d'Art Lumi\u00e8re\",\"isPartOf\":{\"@id\":\"https:\\\/\\\/lumiereartgallery.com\\\/#website\"},\"primaryImageOfPage\":{\"@id\":\"https:\\\/\\\/lumiereartgallery.com\\\/fr\\\/gallery\\\/#primaryimage\"},\"image\":{\"@id\":\"https:\\\/\\\/lumiereartgallery.com\\\/fr\\\/gallery\\\/#primaryimage\"},\"thumbnailUrl\":\"https:\\\/\\\/lumiereartgallery.com\\\/wp-content\\\/uploads\\\/elementor\\\/thumbs\\\/9D3A2176-Edit-ppkdllow9vyfddmxmqw8z7vhdwsfdknuyhfxd4yiko.jpg\",\"datePublished\":\"2022-05-08T08:24:10+00:00\",\"dateModified\":\"2023-03-24T12:33:38+00:00\",\"breadcrumb\":{\"@id\":\"https:\\\/\\\/lumiereartgallery.com\\\/fr\\\/gallery\\\/#breadcrumb\"},\"inLanguage\":\"fr-FR\",\"potentialAction\":[{\"@type\":\"ReadAction\",\"target\":[\"https:\\\/\\\/lumiereartgallery.com\\\/fr\\\/gallery\\\/\"]}]},{\"@type\":\"ImageObject\",\"inLanguage\":\"fr-FR\",\"@id\":\"https:\\\/\\\/lumiereartgallery.com\\\/fr\\\/gallery\\\/#primaryimage\",\"url\":\"https:\\\/\\\/lumiereartgallery.com\\\/wp-content\\\/uploads\\\/elementor\\\/thumbs\\\/9D3A2176-Edit-ppkdllow9vyfddmxmqw8z7vhdwsfdknuyhfxd4yiko.jpg\",\"contentUrl\":\"https:\\\/\\\/lumiereartgallery.com\\\/wp-content\\\/uploads\\\/elementor\\\/thumbs\\\/9D3A2176-Edit-ppkdllow9vyfddmxmqw8z7vhdwsfdknuyhfxd4yiko.jpg\"},{\"@type\":\"BreadcrumbList\",\"@id\":\"https:\\\/\\\/lumiereartgallery.com\\\/fr\\\/gallery\\\/#breadcrumb\",\"itemListElement\":[{\"@type\":\"ListItem\",\"position\":1,\"name\":\"Home\",\"item\":\"https:\\\/\\\/lumiereartgallery.com\\\/fr\\\/\"},{\"@type\":\"ListItem\",\"position\":2,\"name\":\"Galerie\"}]},{\"@type\":\"WebSite\",\"@id\":\"https:\\\/\\\/lumiereartgallery.com\\\/#website\",\"url\":\"https:\\\/\\\/lumiereartgallery.com\\\/\",\"name\":\"Galerie d'Art Lumi\u00e8re\",\"description\":\"connect, increase and develop the art market and the dialogue\",\"publisher\":{\"@id\":\"https:\\\/\\\/lumiereartgallery.com\\\/#organization\"},\"potentialAction\":[{\"@type\":\"SearchAction\",\"target\":{\"@type\":\"EntryPoint\",\"urlTemplate\":\"https:\\\/\\\/lumiereartgallery.com\\\/?s={search_term_string}\"},\"query-input\":{\"@type\":\"PropertyValueSpecification\",\"valueRequired\":true,\"valueName\":\"search_term_string\"}}],\"inLanguage\":\"fr-FR\"},{\"@type\":\"Organization\",\"@id\":\"https:\\\/\\\/lumiereartgallery.com\\\/#organization\",\"name\":\"Galerie d'Art Lumi\u00e8re\",\"url\":\"https:\\\/\\\/lumiereartgallery.com\\\/\",\"logo\":{\"@type\":\"ImageObject\",\"inLanguage\":\"fr-FR\",\"@id\":\"https:\\\/\\\/lumiereartgallery.com\\\/#\\\/schema\\\/logo\\\/image\\\/\",\"url\":\"https:\\\/\\\/lumiereartgallery.com\\\/wp-content\\\/uploads\\\/2022\\\/03\\\/logo.svg\",\"contentUrl\":\"https:\\\/\\\/lumiereartgallery.com\\\/wp-content\\\/uploads\\\/2022\\\/03\\\/logo.svg\",\"width\":225,\"height\":139,\"caption\":\"Galerie d'Art Lumi\u00e8re\"},\"image\":{\"@id\":\"https:\\\/\\\/lumiereartgallery.com\\\/#\\\/schema\\\/logo\\\/image\\\/\"}}]}<\/script>\n<!-- \/ Yoast SEO plugin. -->","yoast_head_json":{"title":"Galerie - Galerie d'Art Lumi\u00e8re","robots":{"index":"index","follow":"follow","max-snippet":"max-snippet:-1","max-image-preview":"max-image-preview:large","max-video-preview":"max-video-preview:-1"},"canonical":"https:\/\/lumiereartgallery.com\/fr\/gallery\/","og_locale":"fr_FR","og_type":"article","og_title":"Galerie - Galerie d'Art Lumi\u00e8re","og_description":"Galerie Location de la galerie d\u2019art La galerie d\u2019Art Lumi\u00e8re vous propose de louer cet espace pour des expositions d\u2019art, s\u00e9ance de d\u00e9dicace de livres, collectes de fonds, pr\u00e9sentations et networking. Previous Next","og_url":"https:\/\/lumiereartgallery.com\/fr\/gallery\/","og_site_name":"Galerie d'Art Lumi\u00e8re","article_modified_time":"2023-03-24T12:33:38+00:00","og_image":[{"url":"https:\/\/lumiereartgallery.com\/wp-content\/uploads\/elementor\/thumbs\/9D3A2176-Edit-ppkdllow9vyfddmxmqw8z7vhdwsfdknuyhfxd4yiko.jpg","type":"","width":"","height":""}],"twitter_card":"summary_large_image","schema":{"@context":"https:\/\/schema.org","@graph":[{"@type":"WebPage","@id":"https:\/\/lumiereartgallery.com\/fr\/gallery\/","url":"https:\/\/lumiereartgallery.com\/fr\/gallery\/","name":"Galerie - Galerie d'Art Lumi\u00e8re","isPartOf":{"@id":"https:\/\/lumiereartgallery.com\/#website"},"primaryImageOfPage":{"@id":"https:\/\/lumiereartgallery.com\/fr\/gallery\/#primaryimage"},"image":{"@id":"https:\/\/lumiereartgallery.com\/fr\/gallery\/#primaryimage"},"thumbnailUrl":"https:\/\/lumiereartgallery.com\/wp-content\/uploads\/elementor\/thumbs\/9D3A2176-Edit-ppkdllow9vyfddmxmqw8z7vhdwsfdknuyhfxd4yiko.jpg","datePublished":"2022-05-08T08:24:10+00:00","dateModified":"2023-03-24T12:33:38+00:00","breadcrumb":{"@id":"https:\/\/lumiereartgallery.com\/fr\/gallery\/#breadcrumb"},"inLanguage":"fr-FR","potentialAction":[{"@type":"ReadAction","target":["https:\/\/lumiereartgallery.com\/fr\/gallery\/"]}]},{"@type":"ImageObject","inLanguage":"fr-FR","@id":"https:\/\/lumiereartgallery.com\/fr\/gallery\/#primaryimage","url":"https:\/\/lumiereartgallery.com\/wp-content\/uploads\/elementor\/thumbs\/9D3A2176-Edit-ppkdllow9vyfddmxmqw8z7vhdwsfdknuyhfxd4yiko.jpg","contentUrl":"https:\/\/lumiereartgallery.com\/wp-content\/uploads\/elementor\/thumbs\/9D3A2176-Edit-ppkdllow9vyfddmxmqw8z7vhdwsfdknuyhfxd4yiko.jpg"},{"@type":"BreadcrumbList","@id":"https:\/\/lumiereartgallery.com\/fr\/gallery\/#breadcrumb","itemListElement":[{"@type":"ListItem","position":1,"name":"Home","item":"https:\/\/lumiereartgallery.com\/fr\/"},{"@type":"ListItem","position":2,"name":"Galerie"}]},{"@type":"WebSite","@id":"https:\/\/lumiereartgallery.com\/#website","url":"https:\/\/lumiereartgallery.com\/","name":"Galerie d'Art Lumi\u00e8re","description":"connect, increase and develop the art market and the dialogue","publisher":{"@id":"https:\/\/lumiereartgallery.com\/#organization"},"potentialAction":[{"@type":"SearchAction","target":{"@type":"EntryPoint","urlTemplate":"https:\/\/lumiereartgallery.com\/?s={search_term_string}"},"query-input":{"@type":"PropertyValueSpecification","valueRequired":true,"valueName":"search_term_string"}}],"inLanguage":"fr-FR"},{"@type":"Organization","@id":"https:\/\/lumiereartgallery.com\/#organization","name":"Galerie d'Art Lumi\u00e8re","url":"https:\/\/lumiereartgallery.com\/","logo":{"@type":"ImageObject","inLanguage":"fr-FR","@id":"https:\/\/lumiereartgallery.com\/#\/schema\/logo\/image\/","url":"https:\/\/lumiereartgallery.com\/wp-content\/uploads\/2022\/03\/logo.svg","contentUrl":"https:\/\/lumiereartgallery.com\/wp-content\/uploads\/2022\/03\/logo.svg","width":225,"height":139,"caption":"Galerie d'Art Lumi\u00e8re"},"image":{"@id":"https:\/\/lumiereartgallery.com\/#\/schema\/logo\/image\/"}}]}},"_links":{"self":[{"href":"https:\/\/lumiereartgallery.com\/fr\/wp-json\/wp\/v2\/pages\/6403","targetHints":{"allow":["GET"]}}],"collection":[{"href":"https:\/\/lumiereartgallery.com\/fr\/wp-json\/wp\/v2\/pages"}],"about":[{"href":"https:\/\/lumiereartgallery.com\/fr\/wp-json\/wp\/v2\/types\/page"}],"author":[{"embeddable":true,"href":"https:\/\/lumiereartgallery.com\/fr\/wp-json\/wp\/v2\/users\/1"}],"replies":[{"embeddable":true,"href":"https:\/\/lumiereartgallery.com\/fr\/wp-json\/wp\/v2\/comments?post=6403"}],"version-history":[{"count":1,"href":"https:\/\/lumiereartgallery.com\/fr\/wp-json\/wp\/v2\/pages\/6403\/revisions"}],"predecessor-version":[{"id":6628,"href":"https:\/\/lumiereartgallery.com\/fr\/wp-json\/wp\/v2\/pages\/6403\/revisions\/6628"}],"wp:attachment":[{"href":"https:\/\/lumiereartgallery.com\/fr\/wp-json\/wp\/v2\/media?parent=6403"}],"curies":[{"name":"wp","href":"https:\/\/api.w.org\/{rel}","templated":true}]}}