{"id":6399,"date":"2022-08-11T12:11:36","date_gmt":"2022-08-11T12:11:36","guid":{"rendered":"https:\/\/lumiereartgallery.com\/publications\/"},"modified":"2026-01-09T11:58:17","modified_gmt":"2026-01-09T11:58:17","slug":"publications","status":"publish","type":"page","link":"https:\/\/lumiereartgallery.com\/fr\/publications\/","title":{"rendered":"Publications"},"content":{"rendered":"\t\t<div data-elementor-type=\"wp-post\" data-elementor-id=\"6399\" class=\"elementor elementor-6399 elementor-5997\">\n\t\t\t\t\t\t<section class=\"elementor-section elementor-top-section elementor-element elementor-element-54bf4fe elementor-section-full_width elementor-section-height-default elementor-section-height-default\" data-id=\"54bf4fe\" data-element_type=\"section\" data-e-type=\"section\" data-settings=\"{&quot;background_background&quot;:&quot;classic&quot;}\">\n\t\t\t\t\t\t<div class=\"elementor-container elementor-column-gap-default\">\n\t\t\t\t\t<div class=\"elementor-column elementor-col-100 elementor-top-column elementor-element elementor-element-c566220\" data-id=\"c566220\" data-element_type=\"column\" data-e-type=\"column\">\n\t\t\t<div class=\"elementor-widget-wrap elementor-element-populated\">\n\t\t\t\t\t\t<div class=\"elementor-element elementor-element-1e0d5f1 elementor-widget elementor-widget-ova_heading_page\" data-id=\"1e0d5f1\" data-element_type=\"widget\" data-e-type=\"widget\" id=\"hero\" data-widget_type=\"ova_heading_page.default\">\n\t\t\t\t<div class=\"elementor-widget-container\">\n\t\t\t\t\t\r\n\t\t<section class=\"heading-page\" style=\"background-image: url(https:\/\/lumiereartgallery.com\/wp-content\/uploads\/2022\/08\/hero-publications.jpg)\" >\r\n\t\t\t<div class=\"container\">\r\n\t\t\t\t<div class=\"cta-content\">\r\n\t\t\t\t\t\t\t\t\t\t\t<h2 class=\"second_font\">Les Editions Contemporary Art<\/h2>\r\n\t\t\t\t\t\t\t\t\t\t\r\n\t\t\t\t<\/div>\r\n\t\t\t<\/div>\r\n\t\t<\/section>\r\n\r\n\t\t\t\t\t<\/div>\n\t\t\t\t<\/div>\n\t\t\t\t\t<\/div>\n\t\t<\/div>\n\t\t\t\t\t<\/div>\n\t\t<\/section>\n\t\t\t\t<section class=\"elementor-section elementor-top-section elementor-element elementor-element-c84f15d elementor-section-content-middle elementor-section-boxed elementor-section-height-default elementor-section-height-default\" data-id=\"c84f15d\" data-element_type=\"section\" data-e-type=\"section\">\n\t\t\t\t\t\t<div class=\"elementor-container elementor-column-gap-default\">\n\t\t\t\t\t<div class=\"elementor-column elementor-col-50 elementor-top-column elementor-element elementor-element-b39b5dd\" data-id=\"b39b5dd\" data-element_type=\"column\" data-e-type=\"column\">\n\t\t\t<div class=\"elementor-widget-wrap elementor-element-populated\">\n\t\t\t\t\t\t<div class=\"elementor-element elementor-element-6eb7e91 elementor-widget elementor-widget-image\" data-id=\"6eb7e91\" data-element_type=\"widget\" data-e-type=\"widget\" data-widget_type=\"image.default\">\n\t\t\t\t<div class=\"elementor-widget-container\">\n\t\t\t\t\t\t\t\t\t\t\t\t\t\t\t<img fetchpriority=\"high\" decoding=\"async\" width=\"900\" height=\"674\" src=\"https:\/\/lumiereartgallery.com\/wp-content\/uploads\/2022\/08\/pic-publications.jpg\" class=\"attachment-large size-large wp-image-6262\" alt=\"\" srcset=\"https:\/\/lumiereartgallery.com\/wp-content\/uploads\/2022\/08\/pic-publications.jpg 900w, https:\/\/lumiereartgallery.com\/wp-content\/uploads\/2022\/08\/pic-publications-300x225.jpg 300w, https:\/\/lumiereartgallery.com\/wp-content\/uploads\/2022\/08\/pic-publications-768x575.jpg 768w, https:\/\/lumiereartgallery.com\/wp-content\/uploads\/2022\/08\/pic-publications-600x449.jpg 600w\" sizes=\"(max-width: 900px) 100vw, 900px\" \/>\t\t\t\t\t\t\t\t\t\t\t\t\t\t\t<\/div>\n\t\t\t\t<\/div>\n\t\t\t\t\t<\/div>\n\t\t<\/div>\n\t\t\t\t<div class=\"elementor-column elementor-col-50 elementor-top-column elementor-element elementor-element-dc28cfc\" data-id=\"dc28cfc\" data-element_type=\"column\" data-e-type=\"column\">\n\t\t\t<div class=\"elementor-widget-wrap elementor-element-populated\">\n\t\t\t\t\t\t<div class=\"elementor-element elementor-element-11ce12d elementor-widget elementor-widget-ova_heading\" data-id=\"11ce12d\" data-element_type=\"widget\" data-e-type=\"widget\" data-widget_type=\"ova_heading.default\">\n\t\t\t\t<div class=\"elementor-widget-container\">\n\t\t\t\t\t\t\t<div class=\"ova_heading\">\r\n\t\t\t\t\t\t\t<h1 class=\"heading_title second_font\">Galerie d'Art Contemporain Lumi\u00e8re<\/h1>\r\n\t\t\t\t\t\t\t\t\t\t<h2 class=\"sub_title second_font\">La galerie d'Art contemporain Lumi\u00e8re publie\nune gamme diversifi\u00e9e de livres d'art et de catalogues en collaboration avec et en soutien \u00e0 ses artistes. Nous croyons que l'art a le pouvoir de faire bouger les gens ; de r\u00e9duire les \u00e9carts de compr\u00e9hension ; d'\u00e9veiller notre imagination collective pour construire un monde meilleur et plus \u00e9quitable.<\/h2>\r\n\t\t\t\t\t<\/div>\r\n\t\t\t\t\t\t<\/div>\n\t\t\t\t<\/div>\n\t\t\t\t\t<\/div>\n\t\t<\/div>\n\t\t\t\t\t<\/div>\n\t\t<\/section>\n\t\t\t\t<section class=\"elementor-section elementor-top-section elementor-element elementor-element-b4f7662 elementor-section-boxed elementor-section-height-default elementor-section-height-default\" data-id=\"b4f7662\" data-element_type=\"section\" data-e-type=\"section\">\n\t\t\t\t\t\t<div class=\"elementor-container elementor-column-gap-default\">\n\t\t\t\t\t<div class=\"elementor-column elementor-col-100 elementor-top-column elementor-element elementor-element-6e1b556\" data-id=\"6e1b556\" data-element_type=\"column\" data-e-type=\"column\">\n\t\t\t<div class=\"elementor-widget-wrap elementor-element-populated\">\n\t\t\t\t\t\t<div class=\"elementor-element elementor-element-56f8255 pa-carousel-gallery pa-carousel-horizontal pa-arrows-default elementor-widget elementor-widget-premium-carousel-widget\" data-id=\"56f8255\" data-element_type=\"widget\" data-e-type=\"widget\" data-widget_type=\"premium-carousel-widget.default\">\n\t\t\t\t<div class=\"elementor-widget-container\">\n\t\t\t\t\t\t\t<div id=\"premium-carousel-wrapper-56f8255\" class=\"premium-carousel-wrapper premium-carousel-hidden carousel-wrapper-56f8255  premium-carousel-dots-below\" data-settings=\"{&quot;vertical&quot;:false,&quot;appearance&quot;:&quot;all&quot;,&quot;slidesToShow&quot;:3,&quot;infinite&quot;:true,&quot;speed&quot;:300,&quot;fade&quot;:false,&quot;autoplay&quot;:true,&quot;autoplaySpeed&quot;:5000,&quot;draggable&quot;:true,&quot;touchMove&quot;:true,&quot;adaptiveHeight&quot;:false,&quot;variableWidth&quot;:false,&quot;cssEase&quot;:&quot;ease&quot;,&quot;pauseOnHover&quot;:false,&quot;centerMode&quot;:false,&quot;arrows&quot;:true,&quot;dots&quot;:true,&quot;slidesDesk&quot;:3,&quot;slidesTab&quot;:2,&quot;slidesMob&quot;:1,&quot;animation&quot;:&quot;null&quot;,&quot;tabletBreak&quot;:1025,&quot;mobileBreak&quot;:768,&quot;navigation&quot;:[],&quot;carouselNavigation&quot;:true,&quot;templatesNumber&quot;:10,&quot;hasNavSlider&quot;:false,&quot;mouseTilt&quot;:false,&quot;mouseTiltRev&quot;:false}\">\n\t\t\t<!-- Dots -->\n\t\t\t\t\t\t\t<div class=\"premium-carousel-nav-dot\">\n\t\t\t\t\t\t\t\t\t\t\t\t<i class=\"fas fa-circle\" aria-hidden=\"true\"><\/i>\n\t\t\t\t\t\t\t\t\t\t<\/div>\n\t\t\t\n\t\t\t\t\t\t\t<div class=\"premium-carousel-nav-arrow-prev\">\n\t\t\t\t\t<a type=\"button\" data-role=\"none\" class=\"carousel-arrow carousel-prev\" aria-label=\"Previous\" role=\"button\">\n\t\t\t\t\t\t\t\t\t\t\t\t\t<i class=\"fas fa-arrow-circle-left\" aria-hidden=\"true\"><\/i>\n\t\t\t\t\t\t\t\t\t\t\t\t<\/a>\n\t\t\t\t\t<\/div>\n\t\t\t\t\t<div class=\"premium-carousel-nav-arrow-next\">\n\t\t\t\t\t\t<a type=\"button\" data-role=\"none\" class=\"carousel-arrow carousel-next\" aria-label=\"Next\" role=\"button\">\n\t\t\t\t\t\t\t\t\t\t\t\t\t\t\t<i class=\"fas fa-arrow-circle-right\" aria-hidden=\"true\"><\/i>\n\t\t\t\t\t\t\t\t\t\t\t\t\t\t<\/a>\n\t\t\t\t\t<\/div>\n\t\t\t\n\t\t\t<!-- Main Slides -->\n\t\t\t<div id=\"premium-carousel-56f8255\" class=\"premium-carousel-inner\">\n\t\t\t\t\t\t\t\t\t\t<div class=\"premium-carousel-template item-wrapper\" >\n\t\t\t\t\t\t\t\n\t\t\t\t\t\t\t\t\t\t\t\t\t\t\t\t\t\t<img decoding=\"async\" src=\"https:\/\/lumiereartgallery.com\/wp-content\/uploads\/elementor\/thumbs\/pub-pic04-rgiuwplkwqs4m8ialpu6bqybblfs1f1qmbx1agf54o.jpg\" alt=\"pub-pic04.jpg\">\n\t\t\t\t\t\t\t\t\t\t\t\t\t\t\t\t\t\t\n\t\t\t\t\t\t\t\t\t\t\t\t\t<\/div>\n\t\t\t\t\t\t\t\t\t\t\t\t<div class=\"premium-carousel-template item-wrapper\" >\n\t\t\t\t\t\t\t\n\t\t\t\t\t\t\t\t\t\t\t\t\t\t\t\t\t\t<img decoding=\"async\" src=\"https:\/\/lumiereartgallery.com\/wp-content\/uploads\/elementor\/thumbs\/pub-pic05-rgiuwqjf3ktexugxg88sw8prwzb5945gygkirqdqyg.jpg\" alt=\"pub-pic05.jpg\">\n\t\t\t\t\t\t\t\t\t\t\t\t\t\t\t\t\t\t\n\t\t\t\t\t\t\t\t\t\t\t\t\t<\/div>\n\t\t\t\t\t\t\t\t\t\t\t\t<div class=\"premium-carousel-template item-wrapper\" >\n\t\t\t\t\t\t\t\n\t\t\t\t\t\t\t\t\t\t\t\t\t\t\t\t\t\t<img decoding=\"async\" src=\"https:\/\/lumiereartgallery.com\/wp-content\/uploads\/elementor\/thumbs\/pub-pic06-rgiuwqjf3ktexugxg88sw8prwzb5945gygkirqdqyg.jpg\" alt=\"pub-pic06.jpg\">\n\t\t\t\t\t\t\t\t\t\t\t\t\t\t\t\t\t\t\n\t\t\t\t\t\t\t\t\t\t\t\t\t<\/div>\n\t\t\t\t\t\t\t\t\t\t\t\t<div class=\"premium-carousel-template item-wrapper\" >\n\t\t\t\t\t\t\t\n\t\t\t\t\t\t\t\t\t\t\t\t\t\t\t\t\t\t<img decoding=\"async\" src=\"https:\/\/lumiereartgallery.com\/wp-content\/uploads\/elementor\/thumbs\/pub-pic03-rgiuwrh9aeup9gfkaqnfgqh8id6igt97al8090ccs8.jpg\" alt=\"pub-pic03.jpg\">\n\t\t\t\t\t\t\t\t\t\t\t\t\t\t\t\t\t\t\n\t\t\t\t\t\t\t\t\t\t\t\t\t<\/div>\n\t\t\t\t\t\t\t\t\t\t\t\t<div class=\"premium-carousel-template item-wrapper\" >\n\t\t\t\t\t\t\t\n\t\t\t\t\t\t\t\t\t\t\t\t\t\t\t\t\t\t<img decoding=\"async\" src=\"https:\/\/lumiereartgallery.com\/wp-content\/uploads\/elementor\/thumbs\/pub-pic02-rgiuwrh9aeup9gfkaqnfgqh8id6igt97al8090ccs8.jpg\" alt=\"pub-pic02.jpg\">\n\t\t\t\t\t\t\t\t\t\t\t\t\t\t\t\t\t\t\n\t\t\t\t\t\t\t\t\t\t\t\t\t<\/div>\n\t\t\t\t\t\t\t\t\t\t\t\t<div class=\"premium-carousel-template item-wrapper\" >\n\t\t\t\t\t\t\t\n\t\t\t\t\t\t\t\t\t\t\t\t\t\t\t\t\t\t<img decoding=\"async\" src=\"https:\/\/lumiereartgallery.com\/wp-content\/uploads\/elementor\/thumbs\/pub-pic01-rgiuwsf3h8vzl2e75922188p3r1voicxmpvhqaaym0.jpg\" alt=\"pub-pic01.jpg\">\n\t\t\t\t\t\t\t\t\t\t\t\t\t\t\t\t\t\t\n\t\t\t\t\t\t\t\t\t\t\t\t\t<\/div>\n\t\t\t\t\t\t\t\t\t\t\t\t<div class=\"premium-carousel-template item-wrapper\" >\n\t\t\t\t\t\t\t\n\t\t\t\t\t\t\t\t\t\t\t\t\t\t\t\t\t\t<img decoding=\"async\" src=\"https:\/\/lumiereartgallery.com\/wp-content\/uploads\/elementor\/thumbs\/pub-LA-STREET-1-1-rgiuwtcxo2x9woctzrgolq05p4x8w7gnyuiz7k9kfs.jpg\" alt=\"pub-LA-STREET-1.jpg\">\n\t\t\t\t\t\t\t\t\t\t\t\t\t\t\t\t\t\t\n\t\t\t\t\t\t\t\t\t\t\t\t\t<\/div>\n\t\t\t\t\t\t\t\t\t\t\t\t<div class=\"premium-carousel-template item-wrapper\" >\n\t\t\t\t\t\t\t\n\t\t\t\t\t\t\t\t\t\t\t\t\t\t\t\t\t\t<img decoding=\"async\" src=\"https:\/\/lumiereartgallery.com\/wp-content\/uploads\/elementor\/thumbs\/pub-LA-STREET-2-1-rgiuwtcxo2x9woctzrgolq05p4x8w7gnyuiz7k9kfs.jpg\" alt=\"pub-LA-STREET-2.jpg\">\n\t\t\t\t\t\t\t\t\t\t\t\t\t\t\t\t\t\t\n\t\t\t\t\t\t\t\t\t\t\t\t\t<\/div>\n\t\t\t\t\t\t\t\t\t\t\t\t<div class=\"premium-carousel-template item-wrapper\" >\n\t\t\t\t\t\t\t\n\t\t\t\t\t\t\t\t\t\t\t\t\t\t\t\t\t\t<img decoding=\"async\" src=\"https:\/\/lumiereartgallery.com\/wp-content\/uploads\/elementor\/thumbs\/pub-LA-STREET-3-1-rgiuwuaruwyk8abgu9vb67rmaism3wkeaz6gou869k.jpg\" alt=\"pub-LA-STREET-3.jpg\">\n\t\t\t\t\t\t\t\t\t\t\t\t\t\t\t\t\t\t\n\t\t\t\t\t\t\t\t\t\t\t\t\t<\/div>\n\t\t\t\t\t\t\t\t\t\t\t\t<div class=\"premium-carousel-template item-wrapper\" >\n\t\t\t\t\t\t\t\n\t\t\t\t\t\t\t\t\t\t\t\t\t\t\t\t\t\t<img decoding=\"async\" src=\"https:\/\/lumiereartgallery.com\/wp-content\/uploads\/elementor\/thumbs\/pub-LA-STREET-4-1-rgiuwv8m1qzujwa3os9xqpj2vwnzblo4n3ty646s3c.jpg\" alt=\"pub-LA-STREET-4.jpg\">\n\t\t\t\t\t\t\t\t\t\t\t\t\t\t\t\t\t\t\n\t\t\t\t\t\t\t\t\t\t\t\t\t<\/div>\n\t\t\t\t\t\t\t\t\t<\/div>\n\n\t\t\t\n\t\t\t\n\t\t\t\t\t<\/div>\n\t\t\t\t\t\t<\/div>\n\t\t\t\t<\/div>\n\t\t\t\t\t<\/div>\n\t\t<\/div>\n\t\t\t\t\t<\/div>\n\t\t<\/section>\n\t\t\t\t<section class=\"elementor-section elementor-top-section elementor-element elementor-element-af4c5cc elementor-section-boxed elementor-section-height-default elementor-section-height-default\" data-id=\"af4c5cc\" data-element_type=\"section\" data-e-type=\"section\">\n\t\t\t\t\t\t<div class=\"elementor-container elementor-column-gap-default\">\n\t\t\t\t\t<div class=\"elementor-column elementor-col-100 elementor-top-column elementor-element elementor-element-801fc45\" data-id=\"801fc45\" data-element_type=\"column\" data-e-type=\"column\">\n\t\t\t<div class=\"elementor-widget-wrap elementor-element-populated\">\n\t\t\t\t\t\t<div class=\"elementor-element elementor-element-e775d75 elementor-widget elementor-widget-text-editor\" data-id=\"e775d75\" data-element_type=\"widget\" data-e-type=\"widget\" data-widget_type=\"text-editor.default\">\n\t\t\t\t<div class=\"elementor-widget-container\">\n\t\t\t\t\t\t\t\t\tLes b\u00e9n\u00e9fices de nos publications sont revers\u00e9s \u00e0 la  <a href=\"http:\/\/sagapo.org\/\" target=\"_blank\" rel=\"noopener\">Fondation Sagapo<\/a> pour l&rsquo;\u00e9ducation des enfants d\u00e9favoris\u00e9s \u00e0 Chypre et dans le monde.\t\t\t\t\t\t\t\t<\/div>\n\t\t\t\t<\/div>\n\t\t\t\t\t<\/div>\n\t\t<\/div>\n\t\t\t\t\t<\/div>\n\t\t<\/section>\n\t\t\t\t<\/div>\n\t\t","protected":false},"excerpt":{"rendered":"<p>Les Editions Contemporary Art Galerie d&rsquo;Art Contemporain Lumi\u00e8re La galerie d&rsquo;Art contemporain Lumi\u00e8re publie une gamme diversifi\u00e9e de livres d&rsquo;art et de catalogues en collaboration avec et en soutien \u00e0 ses artistes. Nous croyons que l&rsquo;art a le pouvoir de faire bouger les gens ; de r\u00e9duire les \u00e9carts de compr\u00e9hension ; d&rsquo;\u00e9veiller notre imagination [&hellip;]<\/p>\n","protected":false},"author":1,"featured_media":0,"parent":0,"menu_order":0,"comment_status":"closed","ping_status":"closed","template":"elementor_header_footer","meta":{"footnotes":""},"class_list":["post-6399","page","type-page","status-publish","hentry"],"yoast_head":"<!-- This site is optimized with the Yoast SEO plugin v27.6 - https:\/\/yoast.com\/product\/yoast-seo-wordpress\/ -->\n<title>Publications - Galerie d&#039;Art Lumi\u00e8re<\/title>\n<meta name=\"robots\" content=\"index, follow, max-snippet:-1, max-image-preview:large, max-video-preview:-1\" \/>\n<link rel=\"canonical\" href=\"https:\/\/lumiereartgallery.com\/fr\/publications\/\" \/>\n<meta property=\"og:locale\" content=\"fr_FR\" \/>\n<meta property=\"og:type\" content=\"article\" \/>\n<meta property=\"og:title\" content=\"Publications - Galerie d&#039;Art Lumi\u00e8re\" \/>\n<meta property=\"og:description\" content=\"Les Editions Contemporary Art Galerie d&rsquo;Art Contemporain Lumi\u00e8re La galerie d&rsquo;Art contemporain Lumi\u00e8re publie une gamme diversifi\u00e9e de livres d&rsquo;art et de catalogues en collaboration avec et en soutien \u00e0 ses artistes. Nous croyons que l&rsquo;art a le pouvoir de faire bouger les gens ; de r\u00e9duire les \u00e9carts de compr\u00e9hension ; d&rsquo;\u00e9veiller notre imagination [&hellip;]\" \/>\n<meta property=\"og:url\" content=\"https:\/\/lumiereartgallery.com\/fr\/publications\/\" \/>\n<meta property=\"og:site_name\" content=\"Galerie d&#039;Art Lumi\u00e8re\" \/>\n<meta property=\"article:modified_time\" content=\"2026-01-09T11:58:17+00:00\" \/>\n<meta property=\"og:image\" content=\"https:\/\/lumiereartgallery.com\/wp-content\/uploads\/2022\/08\/pic-publications.jpg\" \/>\n\t<meta property=\"og:image:width\" content=\"900\" \/>\n\t<meta property=\"og:image:height\" content=\"674\" \/>\n\t<meta property=\"og:image:type\" content=\"image\/jpeg\" \/>\n<meta name=\"twitter:card\" content=\"summary_large_image\" \/>\n<script type=\"application\/ld+json\" class=\"yoast-schema-graph\">{\"@context\":\"https:\\\/\\\/schema.org\",\"@graph\":[{\"@type\":\"WebPage\",\"@id\":\"https:\\\/\\\/lumiereartgallery.com\\\/fr\\\/publications\\\/\",\"url\":\"https:\\\/\\\/lumiereartgallery.com\\\/fr\\\/publications\\\/\",\"name\":\"Publications - Galerie d'Art Lumi\u00e8re\",\"isPartOf\":{\"@id\":\"https:\\\/\\\/lumiereartgallery.com\\\/#website\"},\"primaryImageOfPage\":{\"@id\":\"https:\\\/\\\/lumiereartgallery.com\\\/fr\\\/publications\\\/#primaryimage\"},\"image\":{\"@id\":\"https:\\\/\\\/lumiereartgallery.com\\\/fr\\\/publications\\\/#primaryimage\"},\"thumbnailUrl\":\"https:\\\/\\\/lumiereartgallery.com\\\/wp-content\\\/uploads\\\/2022\\\/08\\\/pic-publications.jpg\",\"datePublished\":\"2022-08-11T12:11:36+00:00\",\"dateModified\":\"2026-01-09T11:58:17+00:00\",\"breadcrumb\":{\"@id\":\"https:\\\/\\\/lumiereartgallery.com\\\/fr\\\/publications\\\/#breadcrumb\"},\"inLanguage\":\"fr-FR\",\"potentialAction\":[{\"@type\":\"ReadAction\",\"target\":[\"https:\\\/\\\/lumiereartgallery.com\\\/fr\\\/publications\\\/\"]}]},{\"@type\":\"ImageObject\",\"inLanguage\":\"fr-FR\",\"@id\":\"https:\\\/\\\/lumiereartgallery.com\\\/fr\\\/publications\\\/#primaryimage\",\"url\":\"https:\\\/\\\/lumiereartgallery.com\\\/wp-content\\\/uploads\\\/2022\\\/08\\\/pic-publications.jpg\",\"contentUrl\":\"https:\\\/\\\/lumiereartgallery.com\\\/wp-content\\\/uploads\\\/2022\\\/08\\\/pic-publications.jpg\"},{\"@type\":\"BreadcrumbList\",\"@id\":\"https:\\\/\\\/lumiereartgallery.com\\\/fr\\\/publications\\\/#breadcrumb\",\"itemListElement\":[{\"@type\":\"ListItem\",\"position\":1,\"name\":\"Home\",\"item\":\"https:\\\/\\\/lumiereartgallery.com\\\/fr\\\/\"},{\"@type\":\"ListItem\",\"position\":2,\"name\":\"Publications\"}]},{\"@type\":\"WebSite\",\"@id\":\"https:\\\/\\\/lumiereartgallery.com\\\/#website\",\"url\":\"https:\\\/\\\/lumiereartgallery.com\\\/\",\"name\":\"Galerie d'Art Lumi\u00e8re\",\"description\":\"connect, increase and develop the art market and the dialogue\",\"publisher\":{\"@id\":\"https:\\\/\\\/lumiereartgallery.com\\\/#organization\"},\"potentialAction\":[{\"@type\":\"SearchAction\",\"target\":{\"@type\":\"EntryPoint\",\"urlTemplate\":\"https:\\\/\\\/lumiereartgallery.com\\\/?s={search_term_string}\"},\"query-input\":{\"@type\":\"PropertyValueSpecification\",\"valueRequired\":true,\"valueName\":\"search_term_string\"}}],\"inLanguage\":\"fr-FR\"},{\"@type\":\"Organization\",\"@id\":\"https:\\\/\\\/lumiereartgallery.com\\\/#organization\",\"name\":\"Galerie d'Art Lumi\u00e8re\",\"url\":\"https:\\\/\\\/lumiereartgallery.com\\\/\",\"logo\":{\"@type\":\"ImageObject\",\"inLanguage\":\"fr-FR\",\"@id\":\"https:\\\/\\\/lumiereartgallery.com\\\/#\\\/schema\\\/logo\\\/image\\\/\",\"url\":\"https:\\\/\\\/lumiereartgallery.com\\\/wp-content\\\/uploads\\\/2022\\\/03\\\/logo.svg\",\"contentUrl\":\"https:\\\/\\\/lumiereartgallery.com\\\/wp-content\\\/uploads\\\/2022\\\/03\\\/logo.svg\",\"width\":225,\"height\":139,\"caption\":\"Galerie d'Art Lumi\u00e8re\"},\"image\":{\"@id\":\"https:\\\/\\\/lumiereartgallery.com\\\/#\\\/schema\\\/logo\\\/image\\\/\"}}]}<\/script>\n<!-- \/ Yoast SEO plugin. -->","yoast_head_json":{"title":"Publications - Galerie d'Art Lumi\u00e8re","robots":{"index":"index","follow":"follow","max-snippet":"max-snippet:-1","max-image-preview":"max-image-preview:large","max-video-preview":"max-video-preview:-1"},"canonical":"https:\/\/lumiereartgallery.com\/fr\/publications\/","og_locale":"fr_FR","og_type":"article","og_title":"Publications - Galerie d'Art Lumi\u00e8re","og_description":"Les Editions Contemporary Art Galerie d&rsquo;Art Contemporain Lumi\u00e8re La galerie d&rsquo;Art contemporain Lumi\u00e8re publie une gamme diversifi\u00e9e de livres d&rsquo;art et de catalogues en collaboration avec et en soutien \u00e0 ses artistes. Nous croyons que l&rsquo;art a le pouvoir de faire bouger les gens ; de r\u00e9duire les \u00e9carts de compr\u00e9hension ; d&rsquo;\u00e9veiller notre imagination [&hellip;]","og_url":"https:\/\/lumiereartgallery.com\/fr\/publications\/","og_site_name":"Galerie d'Art Lumi\u00e8re","article_modified_time":"2026-01-09T11:58:17+00:00","og_image":[{"width":900,"height":674,"url":"https:\/\/lumiereartgallery.com\/wp-content\/uploads\/2022\/08\/pic-publications.jpg","type":"image\/jpeg"}],"twitter_card":"summary_large_image","schema":{"@context":"https:\/\/schema.org","@graph":[{"@type":"WebPage","@id":"https:\/\/lumiereartgallery.com\/fr\/publications\/","url":"https:\/\/lumiereartgallery.com\/fr\/publications\/","name":"Publications - Galerie d'Art Lumi\u00e8re","isPartOf":{"@id":"https:\/\/lumiereartgallery.com\/#website"},"primaryImageOfPage":{"@id":"https:\/\/lumiereartgallery.com\/fr\/publications\/#primaryimage"},"image":{"@id":"https:\/\/lumiereartgallery.com\/fr\/publications\/#primaryimage"},"thumbnailUrl":"https:\/\/lumiereartgallery.com\/wp-content\/uploads\/2022\/08\/pic-publications.jpg","datePublished":"2022-08-11T12:11:36+00:00","dateModified":"2026-01-09T11:58:17+00:00","breadcrumb":{"@id":"https:\/\/lumiereartgallery.com\/fr\/publications\/#breadcrumb"},"inLanguage":"fr-FR","potentialAction":[{"@type":"ReadAction","target":["https:\/\/lumiereartgallery.com\/fr\/publications\/"]}]},{"@type":"ImageObject","inLanguage":"fr-FR","@id":"https:\/\/lumiereartgallery.com\/fr\/publications\/#primaryimage","url":"https:\/\/lumiereartgallery.com\/wp-content\/uploads\/2022\/08\/pic-publications.jpg","contentUrl":"https:\/\/lumiereartgallery.com\/wp-content\/uploads\/2022\/08\/pic-publications.jpg"},{"@type":"BreadcrumbList","@id":"https:\/\/lumiereartgallery.com\/fr\/publications\/#breadcrumb","itemListElement":[{"@type":"ListItem","position":1,"name":"Home","item":"https:\/\/lumiereartgallery.com\/fr\/"},{"@type":"ListItem","position":2,"name":"Publications"}]},{"@type":"WebSite","@id":"https:\/\/lumiereartgallery.com\/#website","url":"https:\/\/lumiereartgallery.com\/","name":"Galerie d'Art Lumi\u00e8re","description":"connect, increase and develop the art market and the dialogue","publisher":{"@id":"https:\/\/lumiereartgallery.com\/#organization"},"potentialAction":[{"@type":"SearchAction","target":{"@type":"EntryPoint","urlTemplate":"https:\/\/lumiereartgallery.com\/?s={search_term_string}"},"query-input":{"@type":"PropertyValueSpecification","valueRequired":true,"valueName":"search_term_string"}}],"inLanguage":"fr-FR"},{"@type":"Organization","@id":"https:\/\/lumiereartgallery.com\/#organization","name":"Galerie d'Art Lumi\u00e8re","url":"https:\/\/lumiereartgallery.com\/","logo":{"@type":"ImageObject","inLanguage":"fr-FR","@id":"https:\/\/lumiereartgallery.com\/#\/schema\/logo\/image\/","url":"https:\/\/lumiereartgallery.com\/wp-content\/uploads\/2022\/03\/logo.svg","contentUrl":"https:\/\/lumiereartgallery.com\/wp-content\/uploads\/2022\/03\/logo.svg","width":225,"height":139,"caption":"Galerie d'Art Lumi\u00e8re"},"image":{"@id":"https:\/\/lumiereartgallery.com\/#\/schema\/logo\/image\/"}}]}},"_links":{"self":[{"href":"https:\/\/lumiereartgallery.com\/fr\/wp-json\/wp\/v2\/pages\/6399","targetHints":{"allow":["GET"]}}],"collection":[{"href":"https:\/\/lumiereartgallery.com\/fr\/wp-json\/wp\/v2\/pages"}],"about":[{"href":"https:\/\/lumiereartgallery.com\/fr\/wp-json\/wp\/v2\/types\/page"}],"author":[{"embeddable":true,"href":"https:\/\/lumiereartgallery.com\/fr\/wp-json\/wp\/v2\/users\/1"}],"replies":[{"embeddable":true,"href":"https:\/\/lumiereartgallery.com\/fr\/wp-json\/wp\/v2\/comments?post=6399"}],"version-history":[{"count":1,"href":"https:\/\/lumiereartgallery.com\/fr\/wp-json\/wp\/v2\/pages\/6399\/revisions"}],"predecessor-version":[{"id":7914,"href":"https:\/\/lumiereartgallery.com\/fr\/wp-json\/wp\/v2\/pages\/6399\/revisions\/7914"}],"wp:attachment":[{"href":"https:\/\/lumiereartgallery.com\/fr\/wp-json\/wp\/v2\/media?parent=6399"}],"curies":[{"name":"wp","href":"https:\/\/api.w.org\/{rel}","templated":true}]}}